{"id":57,"date":"2016-01-23T21:52:56","date_gmt":"2016-01-23T21:52:56","guid":{"rendered":"http:\/\/www2.xaradio.org\/?page_id=57"},"modified":"2016-01-23T21:52:56","modified_gmt":"2016-01-23T21:52:56","slug":"um-xaradio","status":"publish","type":"page","link":"https:\/\/www2.xaradio.org\/?page_id=57","title":{"rendered":"Um XARadio"},"content":{"rendered":"<p>XARad\u00ed\u00f3 er \u00e1hugamannaf\u00e9lag um rekstur \u00fatvarpsst\u00f6\u00f0var, sem sendir \u00fat 12 spora efni og heldur gagnagrunn utan um \u00fea\u00f0 efni sem st\u00f6\u00f0in \u00fatvarpar. Me\u00f0 \u00e1hugamannaf\u00e9lagi er \u00e1tt vi\u00f0 a\u00f0 \u00feeir sem starfa fyrir XARad\u00ed\u00f3 taka engin laun fyrir vinnu s\u00edna \u00ed \u00fe\u00e1gu \u00fatvarpsst\u00f6\u00f0varinnar. \u00d6ll vinna er unnin \u00ed sj\u00e1lfbo\u00f0nu starfi og allar tekjur renna \u00f3skiptar til uppbyggingar \u00fatvarpsst\u00f6\u00f0varinnar.<\/p>\n","protected":false},"excerpt":{"rendered":"<p>XARad\u00ed\u00f3 er \u00e1hugamannaf\u00e9lag um rekstur \u00fatvarpsst\u00f6\u00f0var, sem sendir \u00fat 12 spora efni og heldur gagnagrunn utan um \u00fea\u00f0 efni sem st\u00f6\u00f0in \u00fatvarpar. Me\u00f0 \u00e1hugamannaf\u00e9lagi er \u00e1tt vi\u00f0 a\u00f0 \u00feeir sem starfa fyrir XARad\u00ed\u00f3 taka engin laun fyrir vinnu s\u00edna \u00ed \u00fe\u00e1gu \u00fatvarpsst\u00f6\u00f0varinnar. \u00d6ll vinna er unnin \u00ed sj\u00e1lfbo\u00f0nu starfi og allar tekjur renna \u00f3skiptar til &hellip; <a href=\"https:\/\/www2.xaradio.org\/?page_id=57\" class=\"more-link\">Lesa \u00e1fram <span class=\"screen-reader-text\">Um XARadio<\/span> <span class=\"meta-nav\">&rarr;<\/span><\/a><\/p>\n","protected":false},"author":1,"featured_media":0,"parent":0,"menu_order":0,"comment_status":"closed","ping_status":"closed","template":"","meta":[],"_links":{"self":[{"href":"https:\/\/www2.xaradio.org\/index.php?rest_route=\/wp\/v2\/pages\/57"}],"collection":[{"href":"https:\/\/www2.xaradio.org\/index.php?rest_route=\/wp\/v2\/pages"}],"about":[{"href":"https:\/\/www2.xaradio.org\/index.php?rest_route=\/wp\/v2\/types\/page"}],"author":[{"embeddable":true,"href":"https:\/\/www2.xaradio.org\/index.php?rest_route=\/wp\/v2\/users\/1"}],"replies":[{"embeddable":true,"href":"https:\/\/www2.xaradio.org\/index.php?rest_route=%2Fwp%2Fv2%2Fcomments&post=57"}],"version-history":[{"count":1,"href":"https:\/\/www2.xaradio.org\/index.php?rest_route=\/wp\/v2\/pages\/57\/revisions"}],"predecessor-version":[{"id":58,"href":"https:\/\/www2.xaradio.org\/index.php?rest_route=\/wp\/v2\/pages\/57\/revisions\/58"}],"wp:attachment":[{"href":"https:\/\/www2.xaradio.org\/index.php?rest_route=%2Fwp%2Fv2%2Fmedia&parent=57"}],"curies":[{"name":"wp","href":"https:\/\/api.w.org\/{rel}","templated":true}]}}